{"id":1315,"date":"2022-08-11T11:21:00","date_gmt":"2022-08-11T09:21:00","guid":{"rendered":"https:\/\/www.avocateespagne.be\/politique-de-cookies\/"},"modified":"2022-09-23T14:21:28","modified_gmt":"2022-09-23T12:21:28","slug":"politique-de-cookies","status":"publish","type":"page","link":"https:\/\/www.avocateespagne.be\/en\/politique-de-cookies\/","title":{"rendered":"Politique de cookies"},"content":{"rendered":"\n<p>POLITIQUE EN MATI\u00c8RE DE COOKIES<\/p>\n\n\n\n<ul start=\"3\"><li>d\u00e9finition et fonction g\u00e9n\u00e9rique des COOKIES<br>Les cookies sont des identifiants que nous envoyons sur le disque dur de votre ordinateur par le biais de votre navigateur web afin que nos syst\u00e8mes puissent reconna\u00eetre votre navigateur et vous offrir certains services.<\/li><\/ul>\n\n\n\n<p>En g\u00e9n\u00e9ral, ces technologies peuvent \u00eatre utilis\u00e9es \u00e0 des fins tr\u00e8s diverses, par exemple pour vous reconna\u00eetre en tant qu&#8217;utilisateur, pour obtenir des informations sur vos habitudes de navigation ou pour personnaliser l&#8217;affichage du contenu.<\/p>\n\n\n\n<p>Ce site utilise diff\u00e9rents types de cookies. Certains cookies sont plac\u00e9s par des services tiers qui apparaissent sur nos pages.<\/p>\n\n\n\n<p>Voici une liste des cookies utilis\u00e9s par le site<\/p>\n\n\n\n<p>IL S&#8217;AGIT D&#8217;UN TABLEAU EXEMPLAIRE, IL DOIT \u00caTRE ADAPT\u00c9 \u00c0 LA R\u00c9ALIT\u00c9 DE L&#8217;ENTREPRISE.<\/p>\n\n\n\n<p>COOKIES UTILIS\u00c9S<\/p>\n\n\n\n<ul start=\"5\"><li>cookies n\u00e9cessaires<br>Les cookies n\u00e9cessaires contribuent \u00e0 rendre un site web utilisable en permettant des fonctions de base telles que la navigation dans les pages et l&#8217;acc\u00e8s aux zones s\u00e9curis\u00e9es du site web. Le site web ne peut pas fonctionner correctement sans ces cookies.<\/li><\/ul>\n\n\n\n<p>Nom Fournisseur Objet Expiration<br>cookie-agreed<br>Pour savoir si, par exemple, l&#8217;utilisateur a accept\u00e9 l&#8217;avertissement relatif aux cookies. 3 mois<br>AWSALB trustedsite.com Optimiser l&#8217;exp\u00e9rience des visiteurs du site web 6 jours.<br>AWSALBCORS trustedsite.com Pour optimiser l&#8217;exp\u00e9rience du visiteur sur le site web 6 jours.<br>visite_site_de_fiance<br>Cookie n\u00e9cessaire pour assurer la connexion et pour la d\u00e9tection des spams 1 jour.<br>cookielawinfo-checkbox-non-n\u00e9cessaire Magasins propres si l&#8217;utilisateur a rejet\u00e9 les cookies 1 an<br>cookielawinfo-checkbox-necessary M\u00e9moires propres si l&#8217;utilisateur a accept\u00e9 les cookies 1 an<br>woocommerce_cart_hash Own V\u00e9rifie les modifications apport\u00e9es au panier d&#8217;achat. Session<br>woocommerce_items_in_cart Own V\u00e9rifie les modifications apport\u00e9es au panier d&#8217;achat. Session<br>wp_woocommerce_session_ Own Customer identifier 2 days<\/p>\n\n\n\n<ul start=\"6\"><li>cookies de pr\u00e9f\u00e9rence<br>Les cookies de pr\u00e9f\u00e9rence permettent au site web de m\u00e9moriser des informations qui modifient le comportement ou l&#8217;apparence du site web, comme votre langue pr\u00e9f\u00e9r\u00e9e ou la r\u00e9gion dans laquelle vous vous trouvez.<\/li><\/ul>\n\n\n\n<p>Nom Fournisseur Objet Expiration<br>SID, SAPISID, APISID Google Pr\u00e9f\u00e9rences de navigation de l&#8217;utilisateur. 2 ans<\/p>\n\n\n\n<p>Cookies statistiques<br>Les cookies statistiques aident les propri\u00e9taires de sites web \u00e0 comprendre comment les visiteurs interagissent avec les sites web en recueillant et en fournissant des informations sous une forme anonyme.<\/p>\n\n\n\n<p>Pour d\u00e9sactiver les cookies Google Analytics, vous pouvez installer le module compl\u00e9mentaire de navigateur Google Analytics Opt-out qui vous permettra de ne pas envoyer d&#8217;informations statistiques. Il est disponible sur le lien suivant : https:\/\/tools.google.com\/dlpage\/gaoptout?hl=es.<\/p>\n\n\n\n<p>Nom Fournisseur Objet Expiration<br>Google Analytics Enregistre un identifiant unique qui est utilis\u00e9 pour g\u00e9n\u00e9rer des donn\u00e9es statistiques sur la fa\u00e7on dont le visiteur utilise le site web 2 ans<br>gid Google Analytics Logs un identifiant unique qui est utilis\u00e9 pour g\u00e9n\u00e9rer des donn\u00e9es statistiques sur la fa\u00e7on dont le visiteur utilise le site web. 1 jour<br>_gat Google Analytics Utilis\u00e9 pour limiter le taux de requ\u00eate Cookie de session<br>D\u00e9termine le type d&#8217;appareil ou de programme de navigation utilis\u00e9 par le visiteur, ce qui permet de formater le site web en cons\u00e9quence. Session<br>Google Analytics collecte des donn\u00e9es sur le nombre de fois o\u00f9 l&#8217;utilisateur s&#8217;est connect\u00e9 au site web.<br>2 ans<br>Google Analytics enregistre l&#8217;heure exacte \u00e0 laquelle le visiteur acc\u00e8de au site web. 1 jour<br>Google Analytics enregistre le moment exact o\u00f9 le visiteur acc\u00e8de au site web. Cookie de session<br>__utmt Google Analytics \u00c9valuer la vitesse de r\u00e9ponse du serveur. 1 jour<br>__utmz Google Analytics collecte des informations sur votre provenance, vos recherches, etc. 6 mois<br>yt-player-headers-readable youtube.com D\u00e9terminer la qualit\u00e9 optimale de la vid\u00e9o. Session<br>SSID, HSID, NID Google Statistiques des utilisateurs utilisant les cartes. 6 mois<br>SEARCH_SAMESITE Google S&#8217;assurer que les cookies ne sont pas crois\u00e9s avec d&#8217;autres tiers sans consentement. 6 mois<br>Cookies marketing<br>Les cookies marketing sont utilis\u00e9s pour suivre les visiteurs des sites web. L&#8217;objectif est de montrer des publicit\u00e9s pertinentes et attrayantes pour chaque utilisateur, et donc plus int\u00e9ressantes pour les \u00e9diteurs et les annonceurs tiers.<\/p>\n\n\n\n<p>Las cookies de marketing se utilizan para rastrear a los visitantes en las p\u00e1ginas web. La intenci\u00f3n es mostrar anuncios relevantes y atractivos para el usuario individual, y por lo tanto, m\u00e1s valiosos para los editores y terceros anunciantes.<\/p>\n\n\n\n<figure class=\"wp-block-table\"><table><tbody><tr><td><strong>Nombre<\/strong><\/td><td><strong>Proveedor<\/strong><\/td><td><strong>Prop\u00f3sito<\/strong><\/td><td><strong>Caducidad<\/strong><\/td><\/tr><tr><td>_fbp<\/td><td><\/td><td>Utilizada por Facebook para proporcionar una serie de productos publicitarios c\u00f3mo pujas a tiempo real de terceros anunciantes.<\/td><td>3 meses<\/td><\/tr><tr><td>ads\/ga-audiences<\/td><td>google.com<\/td><td>Utilizada por Google AdWords para reconectar con visitantes que tienen posibilidades de convertirse en clientes,<\/td><td>Sesi\u00f3n<\/td><\/tr><tr><td>fr<\/td><td>facebook.com<\/td><td>Utilizada por Facebook para proporcionar una serie de productos publicitarios c\u00f3mo pujas a tiempo real de terceros anunciantes.<\/td><td>3 meses<\/td><\/tr><tr><td>IDE<\/td><td>doubleclick.net<\/td><td>Utilizada por Google DoubleClick para registrar e informar sobre las acciones del usuario en el sitio web tras visualizar o hacer clic en uno de los anuncios del anunciante con el prop\u00f3sito de medir la eficacia<\/td><td>1 a\u00f1o<\/td><\/tr><tr><td>test_cookie<\/td><td>doubleclick.net<\/td><td>Utilizada para comprobar si el navegador del usuario admite cookies.<\/td><td>1 d\u00eda<\/td><\/tr><tr><td>tr<\/td><td>facebook.com<\/td><td>Utilizada por Facebook para proporcionar una serie de productos publicitarios c\u00f3mo pujas a tiempo real de terceros anunciantes.<\/td><td>Sesi\u00f3n<\/td><\/tr><tr><td>GPS<\/td><td>Youtube.com<\/td><td>Registra una identificaci\u00f3n \u00fanica en dispositivos m\u00f3viles para permitir el seguimiento seg\u00fan la ubicaci\u00f3n geogr\u00e1fica por GPS.<\/td><td>1 d\u00eda<\/td><\/tr><tr><td>VISITOR_INFO1_LIVE<\/td><td>Youtube.com<\/td><td>Intenta calcular el ancho de banda del usuario en p\u00e1ginas con v\u00eddeos de Youtube integrados.<\/td><td>179 d\u00edas<\/td><\/tr><tr><td>YSC<\/td><td>Youtube.com<\/td><td>Registra una identificaci\u00f3n \u00fanica para mantener estad\u00edsticas de qu\u00e9 v\u00eddeos de Youtube ha visto el usuario.<\/td><td>Sesi\u00f3n<\/td><\/tr><tr><td>Yt-remote-cast-installed<\/td><td>Youtube.com<\/td><td>Registra las preferencias del reproductor de v\u00eddeo del usuario al ver v\u00eddeos incrustrados de youtube.<\/td><td>Sesi\u00f3n<\/td><\/tr><tr><td>Yt-remote-connected-devices<\/td><td>Youtube.com<\/td><td>Registra las preferencias del reproductor de v\u00eddeo del usuario al ver v\u00eddeos inscrustrados de youtube.<\/td><td>Sesi\u00f3n<\/td><\/tr><tr><td>Yt-remote-device-id<\/td><td>Youtube.com<\/td><td>Registra las preferencias del reproductor de v\u00eddeo del usuario al ver v\u00eddeos inscrustrados de youtube.<\/td><td>Sesi\u00f3n<\/td><\/tr><tr><td>Yt-remote-fast-check-period<\/td><td>Youtube.com<\/td><td>Registra las preferencias del reproductor de v\u00eddeo del usuario al ver v\u00eddeos inscrustrados de youtube.<\/td><td>Sesi\u00f3n<\/td><\/tr><tr><td>Yt-remote-session-app<\/td><td>Youtube.com<\/td><td>Registra las preferencias del reproductor de v\u00eddeo del usuario al ver v\u00eddeos inscrustrados de youtube.<\/td><td>Sesi\u00f3n<\/td><\/tr><tr><td>Yt-remote-session-name<\/td><td>Youtube.com<\/td><td>Registra las preferencias del reproductor de v\u00eddeo del usuario al ver v\u00eddeos inscrustrados de youtube.<\/td><td>Sesi\u00f3n<\/td><\/tr><tr><td>1P_JAR<\/td><td>Google<\/td><td>Personalizaci\u00f3n de los anuncios seg\u00fan los intereses del usuario.<\/td><td>1 mes<\/td><\/tr><tr><td>CONSENT<\/td><td>Google<\/td><td>Recordar la aceptaci\u00f3n de cookies.<\/td><td>Sesi\u00f3n<\/td><\/tr><tr><td>SIDCC<\/td><td>Google<\/td><td>Extrae informaci\u00f3n an\u00f3nima sobre la navegaci\u00f3n.<\/td><td>2 a\u00f1os<\/td><\/tr><tr><td>DV<\/td><td>Google<\/td><td>Extrae informaci\u00f3n an\u00f3nima sobre la navegaci\u00f3n.<\/td><td>24 horas<\/td><\/tr><tr><td>OTZ, NID<\/td><td>Google<\/td><td>Personalizaci\u00f3n de los anuncios seg\u00fan los intereses del usuario.<\/td><td>6 meses<\/td><\/tr><\/tbody><\/table><\/figure>\n\n\n\n<ol start=\"9\"><li>comment activer\/d\u00e9sactiver les cookies dans les principaux navigateurs :<br>Il est g\u00e9n\u00e9ralement possible de ne plus accepter les cookies du navigateur, ou de ne plus accepter les cookies d&#8217;un service particulier.<\/li><\/ol>\n\n\n\n<p>Tous les navigateurs modernes vous permettent de modifier vos param\u00e8tres de cookies. Ces param\u00e8tres se trouvent g\u00e9n\u00e9ralement dans le menu &#8220;Options&#8221; ou &#8220;Pr\u00e9f\u00e9rences&#8221; de votre navigateur. Vous pouvez \u00e9galement configurer votre navigateur ou votre gestionnaire de messagerie.<\/p>\n\n\n\n<p>Ce qui suit fournit des indications \u00e0 l&#8217;utilisateur sur les \u00e9tapes \u00e0 suivre pour acc\u00e9der au menu de configuration des cookies et, le cas \u00e9ch\u00e9ant, de la navigation priv\u00e9e dans chacun des principaux navigateurs :<\/p>\n\n\n\n<p>Internet Explorer : Outils -&gt; Options Internet -&gt; Confidentialit\u00e9 -&gt; Param\u00e8tres. Pour plus d&#8217;informations, vous pouvez consulter le support Microsoft ou l&#8217;aide du navigateur.<\/p>\n\n\n\n<p>Firefox : Outils -&gt; Options -&gt; Confidentialit\u00e9 -&gt; Historique -&gt; Param\u00e8tres personnalis\u00e9s. Pour plus d&#8217;informations, vous pouvez consulter l&#8217;assistance Mozilla ou l&#8217;aide du navigateur.<\/p>\n\n\n\n<p>Chrome : Param\u00e8tres -&gt; Afficher les options avanc\u00e9es -&gt; Confidentialit\u00e9 -&gt; Param\u00e8tres de contenu. Pour plus d&#8217;informations, vous pouvez consulter le support Google ou la section Aide du navigateur.<\/p>\n\n\n\n<p>Safari : Pr\u00e9f\u00e9rences -&gt; S\u00e9curit\u00e9. Pour plus d&#8217;informations, vous pouvez consulter l&#8217;assistance Apple ou l&#8217;aide du navigateur.<\/p>\n\n\n\n<p>Que se passe-t-il si je d\u00e9sactive les cookies ?<br>Certaines fonctionnalit\u00e9s des services seront d\u00e9sactiv\u00e9es, comme le maintien de la connexion, la conservation des achats dans le &#8220;panier&#8221;, etc. Toggle panel: CMS Navigation<\/p>\n","protected":false},"excerpt":{"rendered":"<p>POLITIQUE EN MATI\u00c8RE DE COOKIES d\u00e9finition et fonction g\u00e9n\u00e9rique des COOKIESLes cookies sont des identifiants que nous envoyons sur le disque dur de votre ordinateur par le biais de votre navigateur web afin que nos syst\u00e8mes puissent reconna\u00eetre votre navigateur et vous offrir certains services. En g\u00e9n\u00e9ral, ces technologies peuvent \u00eatre utilis\u00e9es \u00e0 des fins [&hellip;]<\/p>\n","protected":false},"author":1,"featured_media":0,"parent":0,"menu_order":0,"comment_status":"closed","ping_status":"closed","template":"","meta":[],"yoast_head":"<!-- This site is optimized with the Yoast SEO plugin v20.6 - https:\/\/yoast.com\/wordpress\/plugins\/seo\/ -->\n<title>Politique de cookies - Avocats francophones en Espagne. Civil SP<\/title>\n<meta name=\"robots\" content=\"index, follow, max-snippet:-1, max-image-preview:large, max-video-preview:-1\" \/>\n<link rel=\"canonical\" href=\"https:\/\/www.avocateespagne.be\/en\/politique-de-cookies\/\" \/>\n<meta property=\"og:locale\" content=\"en_US\" \/>\n<meta property=\"og:type\" content=\"article\" \/>\n<meta property=\"og:title\" content=\"Politique de cookies - Avocats francophones en Espagne. Civil SP\" \/>\n<meta property=\"og:description\" content=\"POLITIQUE EN MATI\u00c8RE DE COOKIES d\u00e9finition et fonction g\u00e9n\u00e9rique des COOKIESLes cookies sont des identifiants que nous envoyons sur le disque dur de votre ordinateur par le biais de votre navigateur web afin que nos syst\u00e8mes puissent reconna\u00eetre votre navigateur et vous offrir certains services. En g\u00e9n\u00e9ral, ces technologies peuvent \u00eatre utilis\u00e9es \u00e0 des fins [&hellip;]\" \/>\n<meta property=\"og:url\" content=\"https:\/\/www.avocateespagne.be\/en\/politique-de-cookies\/\" \/>\n<meta property=\"og:site_name\" content=\"Avocats francophones en Espagne. Civil SP\" \/>\n<meta property=\"article:modified_time\" content=\"2022-09-23T12:21:28+00:00\" \/>\n<meta name=\"twitter:card\" content=\"summary_large_image\" \/>\n<meta name=\"twitter:label1\" content=\"Est. reading time\" \/>\n\t<meta name=\"twitter:data1\" content=\"7 minutes\" \/>\n<script type=\"application\/ld+json\" class=\"yoast-schema-graph\">{\"@context\":\"https:\/\/schema.org\",\"@graph\":[{\"@type\":\"WebPage\",\"@id\":\"https:\/\/www.avocateespagne.be\/en\/politique-de-cookies\/\",\"url\":\"https:\/\/www.avocateespagne.be\/en\/politique-de-cookies\/\",\"name\":\"Politique de cookies - Avocats francophones en Espagne. Civil SP\",\"isPartOf\":{\"@id\":\"https:\/\/www.avocateespagne.be\/#website\"},\"datePublished\":\"2022-08-11T09:21:00+00:00\",\"dateModified\":\"2022-09-23T12:21:28+00:00\",\"breadcrumb\":{\"@id\":\"https:\/\/www.avocateespagne.be\/en\/politique-de-cookies\/#breadcrumb\"},\"inLanguage\":\"en-US\",\"potentialAction\":[{\"@type\":\"ReadAction\",\"target\":[\"https:\/\/www.avocateespagne.be\/en\/politique-de-cookies\/\"]}]},{\"@type\":\"BreadcrumbList\",\"@id\":\"https:\/\/www.avocateespagne.be\/en\/politique-de-cookies\/#breadcrumb\",\"itemListElement\":[{\"@type\":\"ListItem\",\"position\":1,\"name\":\"Accueil\",\"item\":\"https:\/\/www.avocateespagne.be\/en\/home\/\"},{\"@type\":\"ListItem\",\"position\":2,\"name\":\"Politique de cookies\"}]},{\"@type\":\"WebSite\",\"@id\":\"https:\/\/www.avocateespagne.be\/#website\",\"url\":\"https:\/\/www.avocateespagne.be\/\",\"name\":\"Avocats francophones en Espagne. Civil SP\",\"description\":\"Consultants et avocats \u00e0 Torrevieja Alicante\",\"publisher\":{\"@id\":\"https:\/\/www.avocateespagne.be\/#organization\"},\"potentialAction\":[{\"@type\":\"SearchAction\",\"target\":{\"@type\":\"EntryPoint\",\"urlTemplate\":\"https:\/\/www.avocateespagne.be\/?s={search_term_string}\"},\"query-input\":\"required name=search_term_string\"}],\"inLanguage\":\"en-US\"},{\"@type\":\"Organization\",\"@id\":\"https:\/\/www.avocateespagne.be\/#organization\",\"name\":\"Avocats francophones en Espagne. Civil SP\",\"url\":\"https:\/\/www.avocateespagne.be\/\",\"logo\":{\"@type\":\"ImageObject\",\"inLanguage\":\"en-US\",\"@id\":\"https:\/\/www.avocateespagne.be\/#\/schema\/logo\/image\/\",\"url\":\"https:\/\/www.avocateespagne.be\/wp-content\/uploads\/2022\/08\/Logo-Civil-SP-150-1.png\",\"contentUrl\":\"https:\/\/www.avocateespagne.be\/wp-content\/uploads\/2022\/08\/Logo-Civil-SP-150-1.png\",\"width\":150,\"height\":116,\"caption\":\"Avocats francophones en Espagne. Civil SP\"},\"image\":{\"@id\":\"https:\/\/www.avocateespagne.be\/#\/schema\/logo\/image\/\"}}]}<\/script>\n<!-- \/ Yoast SEO plugin. -->","yoast_head_json":{"title":"Politique de cookies - Avocats francophones en Espagne. Civil SP","robots":{"index":"index","follow":"follow","max-snippet":"max-snippet:-1","max-image-preview":"max-image-preview:large","max-video-preview":"max-video-preview:-1"},"canonical":"https:\/\/www.avocateespagne.be\/en\/politique-de-cookies\/","og_locale":"en_US","og_type":"article","og_title":"Politique de cookies - Avocats francophones en Espagne. Civil SP","og_description":"POLITIQUE EN MATI\u00c8RE DE COOKIES d\u00e9finition et fonction g\u00e9n\u00e9rique des COOKIESLes cookies sont des identifiants que nous envoyons sur le disque dur de votre ordinateur par le biais de votre navigateur web afin que nos syst\u00e8mes puissent reconna\u00eetre votre navigateur et vous offrir certains services. En g\u00e9n\u00e9ral, ces technologies peuvent \u00eatre utilis\u00e9es \u00e0 des fins [&hellip;]","og_url":"https:\/\/www.avocateespagne.be\/en\/politique-de-cookies\/","og_site_name":"Avocats francophones en Espagne. Civil SP","article_modified_time":"2022-09-23T12:21:28+00:00","twitter_card":"summary_large_image","twitter_misc":{"Est. reading time":"7 minutes"},"schema":{"@context":"https:\/\/schema.org","@graph":[{"@type":"WebPage","@id":"https:\/\/www.avocateespagne.be\/en\/politique-de-cookies\/","url":"https:\/\/www.avocateespagne.be\/en\/politique-de-cookies\/","name":"Politique de cookies - Avocats francophones en Espagne. Civil SP","isPartOf":{"@id":"https:\/\/www.avocateespagne.be\/#website"},"datePublished":"2022-08-11T09:21:00+00:00","dateModified":"2022-09-23T12:21:28+00:00","breadcrumb":{"@id":"https:\/\/www.avocateespagne.be\/en\/politique-de-cookies\/#breadcrumb"},"inLanguage":"en-US","potentialAction":[{"@type":"ReadAction","target":["https:\/\/www.avocateespagne.be\/en\/politique-de-cookies\/"]}]},{"@type":"BreadcrumbList","@id":"https:\/\/www.avocateespagne.be\/en\/politique-de-cookies\/#breadcrumb","itemListElement":[{"@type":"ListItem","position":1,"name":"Accueil","item":"https:\/\/www.avocateespagne.be\/en\/home\/"},{"@type":"ListItem","position":2,"name":"Politique de cookies"}]},{"@type":"WebSite","@id":"https:\/\/www.avocateespagne.be\/#website","url":"https:\/\/www.avocateespagne.be\/","name":"Avocats francophones en Espagne. Civil SP","description":"Consultants et avocats \u00e0 Torrevieja Alicante","publisher":{"@id":"https:\/\/www.avocateespagne.be\/#organization"},"potentialAction":[{"@type":"SearchAction","target":{"@type":"EntryPoint","urlTemplate":"https:\/\/www.avocateespagne.be\/?s={search_term_string}"},"query-input":"required name=search_term_string"}],"inLanguage":"en-US"},{"@type":"Organization","@id":"https:\/\/www.avocateespagne.be\/#organization","name":"Avocats francophones en Espagne. Civil SP","url":"https:\/\/www.avocateespagne.be\/","logo":{"@type":"ImageObject","inLanguage":"en-US","@id":"https:\/\/www.avocateespagne.be\/#\/schema\/logo\/image\/","url":"https:\/\/www.avocateespagne.be\/wp-content\/uploads\/2022\/08\/Logo-Civil-SP-150-1.png","contentUrl":"https:\/\/www.avocateespagne.be\/wp-content\/uploads\/2022\/08\/Logo-Civil-SP-150-1.png","width":150,"height":116,"caption":"Avocats francophones en Espagne. Civil SP"},"image":{"@id":"https:\/\/www.avocateespagne.be\/#\/schema\/logo\/image\/"}}]}},"_links":{"self":[{"href":"https:\/\/www.avocateespagne.be\/en\/wp-json\/wp\/v2\/pages\/1315"}],"collection":[{"href":"https:\/\/www.avocateespagne.be\/en\/wp-json\/wp\/v2\/pages"}],"about":[{"href":"https:\/\/www.avocateespagne.be\/en\/wp-json\/wp\/v2\/types\/page"}],"author":[{"embeddable":true,"href":"https:\/\/www.avocateespagne.be\/en\/wp-json\/wp\/v2\/users\/1"}],"replies":[{"embeddable":true,"href":"https:\/\/www.avocateespagne.be\/en\/wp-json\/wp\/v2\/comments?post=1315"}],"version-history":[{"count":1,"href":"https:\/\/www.avocateespagne.be\/en\/wp-json\/wp\/v2\/pages\/1315\/revisions"}],"predecessor-version":[{"id":1317,"href":"https:\/\/www.avocateespagne.be\/en\/wp-json\/wp\/v2\/pages\/1315\/revisions\/1317"}],"wp:attachment":[{"href":"https:\/\/www.avocateespagne.be\/en\/wp-json\/wp\/v2\/media?parent=1315"}],"curies":[{"name":"wp","href":"https:\/\/api.w.org\/{rel}","templated":true}]}}