{"id":1751,"date":"2024-04-24T18:32:08","date_gmt":"2024-04-24T16:32:08","guid":{"rendered":"https:\/\/www.avocateespagne.be\/404-2-2\/"},"modified":"2024-04-24T18:36:47","modified_gmt":"2024-04-24T16:36:47","slug":"404-2-2","status":"publish","type":"page","link":"https:\/\/www.avocateespagne.be\/es\/404-2-2\/","title":{"rendered":"404"},"content":{"rendered":"\n<p>Lo siento pero parece que no has encontrado lo que buscas.<br><strong><a href=\"https:\/\/avocateespagne.be\/es\" target=\"_blank\" rel=\"noreferrer noopener\">Pulsa aqu\u00ed para ir a nuestra p\u00e1gina de inicio.<\/a><br><a href=\"https:\/\/www.avocateespagne.be\/es\/contacto-abogado-asesor-civil-sp-torrevieja\/\" target=\"_blank\" rel=\"noreferrer noopener\">Pulsa aqu\u00ed para ir a nuestra p\u00e1gina de contacto.<\/a><\/strong><br>Muchas gracias por tu inter\u00e9s en nuestros servicios.<\/p>\n","protected":false},"excerpt":{"rendered":"<p>Lo siento pero parece que no has encontrado lo que buscas.Pulsa aqu\u00ed para ir a nuestra p\u00e1gina de inicio.Pulsa aqu\u00ed para ir a nuestra p\u00e1gina de contacto.Muchas gracias por tu inter\u00e9s en nuestros servicios.<\/p>\n","protected":false},"author":1,"featured_media":0,"parent":0,"menu_order":0,"comment_status":"closed","ping_status":"closed","template":"","meta":[],"yoast_head":"<!-- This site is optimized with the Yoast SEO plugin v20.6 - https:\/\/yoast.com\/wordpress\/plugins\/seo\/ -->\n<title>404 - Avocats francophones en Espagne. Civil SP<\/title>\n<meta name=\"robots\" content=\"index, follow, max-snippet:-1, max-image-preview:large, max-video-preview:-1\" \/>\n<link rel=\"canonical\" href=\"https:\/\/www.avocateespagne.be\/es\/404-2-2\/\" \/>\n<meta property=\"og:locale\" content=\"es_ES\" \/>\n<meta property=\"og:type\" content=\"article\" \/>\n<meta property=\"og:title\" content=\"404 - Avocats francophones en Espagne. Civil SP\" \/>\n<meta property=\"og:description\" content=\"Lo siento pero parece que no has encontrado lo que buscas.Pulsa aqu\u00ed para ir a nuestra p\u00e1gina de inicio.Pulsa aqu\u00ed para ir a nuestra p\u00e1gina de contacto.Muchas gracias por tu inter\u00e9s en nuestros servicios.\" \/>\n<meta property=\"og:url\" content=\"https:\/\/www.avocateespagne.be\/es\/404-2-2\/\" \/>\n<meta property=\"og:site_name\" content=\"Avocats francophones en Espagne. Civil SP\" \/>\n<meta property=\"article:modified_time\" content=\"2024-04-24T16:36:47+00:00\" \/>\n<meta name=\"twitter:card\" content=\"summary_large_image\" \/>\n<meta name=\"twitter:label1\" content=\"Tiempo de lectura\" \/>\n\t<meta name=\"twitter:data1\" content=\"1 minuto\" \/>\n<script type=\"application\/ld+json\" class=\"yoast-schema-graph\">{\"@context\":\"https:\/\/schema.org\",\"@graph\":[{\"@type\":\"WebPage\",\"@id\":\"https:\/\/www.avocateespagne.be\/es\/404-2-2\/\",\"url\":\"https:\/\/www.avocateespagne.be\/es\/404-2-2\/\",\"name\":\"404 - Avocats francophones en Espagne. Civil SP\",\"isPartOf\":{\"@id\":\"https:\/\/www.avocateespagne.be\/#website\"},\"datePublished\":\"2024-04-24T16:32:08+00:00\",\"dateModified\":\"2024-04-24T16:36:47+00:00\",\"breadcrumb\":{\"@id\":\"https:\/\/www.avocateespagne.be\/es\/404-2-2\/#breadcrumb\"},\"inLanguage\":\"es\",\"potentialAction\":[{\"@type\":\"ReadAction\",\"target\":[\"https:\/\/www.avocateespagne.be\/es\/404-2-2\/\"]}]},{\"@type\":\"BreadcrumbList\",\"@id\":\"https:\/\/www.avocateespagne.be\/es\/404-2-2\/#breadcrumb\",\"itemListElement\":[{\"@type\":\"ListItem\",\"position\":1,\"name\":\"Accueil\",\"item\":\"https:\/\/www.avocateespagne.be\/es\/inicio\/\"},{\"@type\":\"ListItem\",\"position\":2,\"name\":\"404\"}]},{\"@type\":\"WebSite\",\"@id\":\"https:\/\/www.avocateespagne.be\/#website\",\"url\":\"https:\/\/www.avocateespagne.be\/\",\"name\":\"Avocats francophones en Espagne. Civil SP\",\"description\":\"Consultants et avocats \u00e0 Torrevieja Alicante\",\"publisher\":{\"@id\":\"https:\/\/www.avocateespagne.be\/#organization\"},\"potentialAction\":[{\"@type\":\"SearchAction\",\"target\":{\"@type\":\"EntryPoint\",\"urlTemplate\":\"https:\/\/www.avocateespagne.be\/?s={search_term_string}\"},\"query-input\":\"required name=search_term_string\"}],\"inLanguage\":\"es\"},{\"@type\":\"Organization\",\"@id\":\"https:\/\/www.avocateespagne.be\/#organization\",\"name\":\"Avocats francophones en Espagne. Civil SP\",\"url\":\"https:\/\/www.avocateespagne.be\/\",\"logo\":{\"@type\":\"ImageObject\",\"inLanguage\":\"es\",\"@id\":\"https:\/\/www.avocateespagne.be\/#\/schema\/logo\/image\/\",\"url\":\"https:\/\/www.avocateespagne.be\/wp-content\/uploads\/2022\/08\/Logo-Civil-SP-150-1.png\",\"contentUrl\":\"https:\/\/www.avocateespagne.be\/wp-content\/uploads\/2022\/08\/Logo-Civil-SP-150-1.png\",\"width\":150,\"height\":116,\"caption\":\"Avocats francophones en Espagne. Civil SP\"},\"image\":{\"@id\":\"https:\/\/www.avocateespagne.be\/#\/schema\/logo\/image\/\"}}]}<\/script>\n<!-- \/ Yoast SEO plugin. -->","yoast_head_json":{"title":"404 - Avocats francophones en Espagne. Civil SP","robots":{"index":"index","follow":"follow","max-snippet":"max-snippet:-1","max-image-preview":"max-image-preview:large","max-video-preview":"max-video-preview:-1"},"canonical":"https:\/\/www.avocateespagne.be\/es\/404-2-2\/","og_locale":"es_ES","og_type":"article","og_title":"404 - Avocats francophones en Espagne. Civil SP","og_description":"Lo siento pero parece que no has encontrado lo que buscas.Pulsa aqu\u00ed para ir a nuestra p\u00e1gina de inicio.Pulsa aqu\u00ed para ir a nuestra p\u00e1gina de contacto.Muchas gracias por tu inter\u00e9s en nuestros servicios.","og_url":"https:\/\/www.avocateespagne.be\/es\/404-2-2\/","og_site_name":"Avocats francophones en Espagne. Civil SP","article_modified_time":"2024-04-24T16:36:47+00:00","twitter_card":"summary_large_image","twitter_misc":{"Tiempo de lectura":"1 minuto"},"schema":{"@context":"https:\/\/schema.org","@graph":[{"@type":"WebPage","@id":"https:\/\/www.avocateespagne.be\/es\/404-2-2\/","url":"https:\/\/www.avocateespagne.be\/es\/404-2-2\/","name":"404 - Avocats francophones en Espagne. Civil SP","isPartOf":{"@id":"https:\/\/www.avocateespagne.be\/#website"},"datePublished":"2024-04-24T16:32:08+00:00","dateModified":"2024-04-24T16:36:47+00:00","breadcrumb":{"@id":"https:\/\/www.avocateespagne.be\/es\/404-2-2\/#breadcrumb"},"inLanguage":"es","potentialAction":[{"@type":"ReadAction","target":["https:\/\/www.avocateespagne.be\/es\/404-2-2\/"]}]},{"@type":"BreadcrumbList","@id":"https:\/\/www.avocateespagne.be\/es\/404-2-2\/#breadcrumb","itemListElement":[{"@type":"ListItem","position":1,"name":"Accueil","item":"https:\/\/www.avocateespagne.be\/es\/inicio\/"},{"@type":"ListItem","position":2,"name":"404"}]},{"@type":"WebSite","@id":"https:\/\/www.avocateespagne.be\/#website","url":"https:\/\/www.avocateespagne.be\/","name":"Avocats francophones en Espagne. Civil SP","description":"Consultants et avocats \u00e0 Torrevieja Alicante","publisher":{"@id":"https:\/\/www.avocateespagne.be\/#organization"},"potentialAction":[{"@type":"SearchAction","target":{"@type":"EntryPoint","urlTemplate":"https:\/\/www.avocateespagne.be\/?s={search_term_string}"},"query-input":"required name=search_term_string"}],"inLanguage":"es"},{"@type":"Organization","@id":"https:\/\/www.avocateespagne.be\/#organization","name":"Avocats francophones en Espagne. Civil SP","url":"https:\/\/www.avocateespagne.be\/","logo":{"@type":"ImageObject","inLanguage":"es","@id":"https:\/\/www.avocateespagne.be\/#\/schema\/logo\/image\/","url":"https:\/\/www.avocateespagne.be\/wp-content\/uploads\/2022\/08\/Logo-Civil-SP-150-1.png","contentUrl":"https:\/\/www.avocateespagne.be\/wp-content\/uploads\/2022\/08\/Logo-Civil-SP-150-1.png","width":150,"height":116,"caption":"Avocats francophones en Espagne. Civil SP"},"image":{"@id":"https:\/\/www.avocateespagne.be\/#\/schema\/logo\/image\/"}}]}},"_links":{"self":[{"href":"https:\/\/www.avocateespagne.be\/es\/wp-json\/wp\/v2\/pages\/1751"}],"collection":[{"href":"https:\/\/www.avocateespagne.be\/es\/wp-json\/wp\/v2\/pages"}],"about":[{"href":"https:\/\/www.avocateespagne.be\/es\/wp-json\/wp\/v2\/types\/page"}],"author":[{"embeddable":true,"href":"https:\/\/www.avocateespagne.be\/es\/wp-json\/wp\/v2\/users\/1"}],"replies":[{"embeddable":true,"href":"https:\/\/www.avocateespagne.be\/es\/wp-json\/wp\/v2\/comments?post=1751"}],"version-history":[{"count":2,"href":"https:\/\/www.avocateespagne.be\/es\/wp-json\/wp\/v2\/pages\/1751\/revisions"}],"predecessor-version":[{"id":1755,"href":"https:\/\/www.avocateespagne.be\/es\/wp-json\/wp\/v2\/pages\/1751\/revisions\/1755"}],"wp:attachment":[{"href":"https:\/\/www.avocateespagne.be\/es\/wp-json\/wp\/v2\/media?parent=1751"}],"curies":[{"name":"wp","href":"https:\/\/api.w.org\/{rel}","templated":true}]}}